{"id":2070,"date":"2025-03-03T11:00:26","date_gmt":"2025-03-03T10:00:26","guid":{"rendered":"https:\/\/agent-y.de\/?page_id=2070"},"modified":"2025-03-03T20:51:30","modified_gmt":"2025-03-03T19:51:30","slug":"crime-party-bei-agent-y","status":"publish","type":"page","link":"https:\/\/agent-y.de\/en\/crime-party-bei-agent-y\/","title":{"rendered":"Crime-Party bei Agent Y"},"content":{"rendered":"","protected":false},"excerpt":{"rendered":"","protected":false},"author":3,"featured_media":2074,"parent":0,"menu_order":0,"comment_status":"closed","ping_status":"closed","template":"","meta":{"_seopress_robots_primary_cat":"","_seopress_titles_title":"Der wahnsinnige K\u00fcnstler - Agent Y \u2013 Escape Room Br\u00fchl","_seopress_titles_desc":"Der wahnsinnige K\u00fcnstler: R\u00e4tseln DeLuxe f\u00fcr Zuhause. Holt euch den Spielbox direkt zu euch nach Hause und l\u00f6st alle R\u00e4tsel.","_seopress_robots_index":"","footnotes":""},"seitenparameter":[],"class_list":["post-2070","page","type-page","status-publish","has-post-thumbnail","hentry"],"meta_box":{"page_header_anzeigen":"1","page_header_background_position":"Mitte Mitte","page_header_background_overlay":"20%","page_header_video_url":"","newsticker-anzeigen":"0","page_header_zweites_bild":[],"page_header_tagline":""},"_links":{"self":[{"href":"https:\/\/agent-y.de\/en\/wp-json\/wp\/v2\/pages\/2070","targetHints":{"allow":["GET"]}}],"collection":[{"href":"https:\/\/agent-y.de\/en\/wp-json\/wp\/v2\/pages"}],"about":[{"href":"https:\/\/agent-y.de\/en\/wp-json\/wp\/v2\/types\/page"}],"author":[{"embeddable":true,"href":"https:\/\/agent-y.de\/en\/wp-json\/wp\/v2\/users\/3"}],"replies":[{"embeddable":true,"href":"https:\/\/agent-y.de\/en\/wp-json\/wp\/v2\/comments?post=2070"}],"version-history":[{"count":12,"href":"https:\/\/agent-y.de\/en\/wp-json\/wp\/v2\/pages\/2070\/revisions"}],"predecessor-version":[{"id":2086,"href":"https:\/\/agent-y.de\/en\/wp-json\/wp\/v2\/pages\/2070\/revisions\/2086"}],"wp:featuredmedia":[{"embeddable":true,"href":"https:\/\/agent-y.de\/en\/wp-json\/wp\/v2\/media\/2074"}],"wp:attachment":[{"href":"https:\/\/agent-y.de\/en\/wp-json\/wp\/v2\/media?parent=2070"}],"wp:term":[{"taxonomy":"seitenparameter","embeddable":true,"href":"https:\/\/agent-y.de\/en\/wp-json\/wp\/v2\/seitenparameter?post=2070"}],"curies":[{"name":"wp","href":"https:\/\/api.w.org\/{rel}","templated":true}]}}