{"id":275,"date":"2022-11-02T17:00:14","date_gmt":"2022-11-02T16:00:14","guid":{"rendered":"https:\/\/agent-y.de\/?page_id=275"},"modified":"2022-11-18T09:42:15","modified_gmt":"2022-11-18T08:42:15","slug":"approach","status":"publish","type":"page","link":"https:\/\/agent-y.de\/en\/anfahrt\/","title":{"rendered":"Directions"},"content":{"rendered":"","protected":false},"excerpt":{"rendered":"","protected":false},"author":2,"featured_media":0,"parent":0,"menu_order":0,"comment_status":"closed","ping_status":"closed","template":"","meta":{"_seopress_robots_primary_cat":"","_seopress_titles_title":"Anfahrt von K\u00f6ln und Bonn zum Escape Room nach Br\u00fchl - Agent Y","_seopress_titles_desc":"Unser Escape Room befindet sich mitten in der Br\u00fchler Innenstadt und ist leicht mit dem Auto, der Bahn oder zu Fu\u00df zu erreichen.","_seopress_robots_index":"","footnotes":""},"seitenparameter":[],"class_list":["post-275","page","type-page","status-publish","hentry"],"meta_box":{"page_header_anzeigen":"1","page_header_background_position":"Mitte Mitte","page_header_background_overlay":"0%","page_header_video_url":"","newsticker-anzeigen":"1","page_header_zweites_bild":[],"page_header_tagline":""},"_links":{"self":[{"href":"https:\/\/agent-y.de\/en\/wp-json\/wp\/v2\/pages\/275","targetHints":{"allow":["GET"]}}],"collection":[{"href":"https:\/\/agent-y.de\/en\/wp-json\/wp\/v2\/pages"}],"about":[{"href":"https:\/\/agent-y.de\/en\/wp-json\/wp\/v2\/types\/page"}],"author":[{"embeddable":true,"href":"https:\/\/agent-y.de\/en\/wp-json\/wp\/v2\/users\/2"}],"replies":[{"embeddable":true,"href":"https:\/\/agent-y.de\/en\/wp-json\/wp\/v2\/comments?post=275"}],"version-history":[{"count":0,"href":"https:\/\/agent-y.de\/en\/wp-json\/wp\/v2\/pages\/275\/revisions"}],"wp:attachment":[{"href":"https:\/\/agent-y.de\/en\/wp-json\/wp\/v2\/media?parent=275"}],"wp:term":[{"taxonomy":"seitenparameter","embeddable":true,"href":"https:\/\/agent-y.de\/en\/wp-json\/wp\/v2\/seitenparameter?post=275"}],"curies":[{"name":"wp","href":"https:\/\/api.w.org\/{rel}","templated":true}]}}