{"id":277,"date":"2022-11-02T17:01:08","date_gmt":"2022-11-02T16:01:08","guid":{"rendered":"https:\/\/agent-y.de\/?page_id=277"},"modified":"2024-02-01T11:04:20","modified_gmt":"2024-02-01T10:04:20","slug":"our-escape-rooms","status":"publish","type":"page","link":"https:\/\/agent-y.de\/en\/unsere-escape-rooms\/","title":{"rendered":"Our Escape Rooms in Br\u00fchl"},"content":{"rendered":"","protected":false},"excerpt":{"rendered":"","protected":false},"author":2,"featured_media":1089,"parent":0,"menu_order":0,"comment_status":"closed","ping_status":"closed","template":"","meta":{"_seopress_robots_primary_cat":"","_seopress_titles_title":"Unsere Escape Rooms in Br\u00fchl - Agent Y \u2013 Escape Room Br\u00fchl","_seopress_titles_desc":"Unsere Escape Rooms befinden sich mitten in der Innenstadt von Br\u00fchl. Geheime Auftr\u00e4ge von h\u00f6chster Brisanz sind unser t\u00e4gliches Gesch\u00e4ft.","_seopress_robots_index":"","footnotes":""},"seitenparameter":[],"class_list":["post-277","page","type-page","status-publish","has-post-thumbnail","hentry"],"meta_box":{"page_header_anzeigen":"1","page_header_background_position":"Mitte Mitte","page_header_background_overlay":"60%","page_header_video_url":"","newsticker-anzeigen":"1","page_header_zweites_bild":[{"width":150,"height":150,"file":"2022\/11\/agent-y-event-raum-05.jpg","filesize":212424,"sizes":{"thumbnail":{"file":"agent-y-event-raum-05-150x150.jpg","width":150,"height":150,"mime-type":"image\/jpeg","filesize":5931,"url":"https:\/\/agent-y.de\/wp-content\/uploads\/2022\/11\/agent-y-event-raum-05-150x150.jpg"},"medium_large":{"file":"agent-y-event-raum-05-768x392.jpg","width":768,"height":392,"mime-type":"image\/jpeg","filesize":57881,"url":"https:\/\/agent-y.de\/wp-content\/uploads\/2022\/11\/agent-y-event-raum-05-768x392.jpg"}},"image_meta":{"aperture":"0","credit":"","camera":"","caption":"","created_timestamp":"0","copyright":"","focal_length":"0","iso":"0","shutter_speed":"0","title":"","orientation":"0","keywords":[]},"ID":"1265","name":"agent-y-event-raum-05.jpg","path":"\/home\/c5bn4cgk5hjq\/webseiten\/agenty-2022\/wp-content\/uploads\/2022\/11\/agent-y-event-raum-05.jpg","url":"https:\/\/agent-y.de\/wp-content\/uploads\/2022\/11\/agent-y-event-raum-05-150x150.jpg","full_url":"https:\/\/agent-y.de\/wp-content\/uploads\/2022\/11\/agent-y-event-raum-05.jpg","title":"agent-y-event-raum-05","caption":"","description":"","alt":"","srcset":false}],"page_header_tagline":""},"_links":{"self":[{"href":"https:\/\/agent-y.de\/en\/wp-json\/wp\/v2\/pages\/277","targetHints":{"allow":["GET"]}}],"collection":[{"href":"https:\/\/agent-y.de\/en\/wp-json\/wp\/v2\/pages"}],"about":[{"href":"https:\/\/agent-y.de\/en\/wp-json\/wp\/v2\/types\/page"}],"author":[{"embeddable":true,"href":"https:\/\/agent-y.de\/en\/wp-json\/wp\/v2\/users\/2"}],"replies":[{"embeddable":true,"href":"https:\/\/agent-y.de\/en\/wp-json\/wp\/v2\/comments?post=277"}],"version-history":[{"count":0,"href":"https:\/\/agent-y.de\/en\/wp-json\/wp\/v2\/pages\/277\/revisions"}],"wp:featuredmedia":[{"embeddable":true,"href":"https:\/\/agent-y.de\/en\/wp-json\/wp\/v2\/media\/1089"}],"wp:attachment":[{"href":"https:\/\/agent-y.de\/en\/wp-json\/wp\/v2\/media?parent=277"}],"wp:term":[{"taxonomy":"seitenparameter","embeddable":true,"href":"https:\/\/agent-y.de\/en\/wp-json\/wp\/v2\/seitenparameter?post=277"}],"curies":[{"name":"wp","href":"https:\/\/api.w.org\/{rel}","templated":true}]}}