{"id":283,"date":"2022-11-02T17:02:54","date_gmt":"2022-11-02T16:02:54","guid":{"rendered":"https:\/\/agent-y.de\/?page_id=283"},"modified":"2026-03-27T21:27:39","modified_gmt":"2026-03-27T20:27:39","slug":"prices","status":"publish","type":"page","link":"https:\/\/agent-y.de\/en\/preise\/","title":{"rendered":"Prices"},"content":{"rendered":"","protected":false},"excerpt":{"rendered":"","protected":false},"author":2,"featured_media":0,"parent":0,"menu_order":0,"comment_status":"closed","ping_status":"closed","template":"","meta":{"_seopress_robots_primary_cat":"","_seopress_titles_title":"Liste der Escape Room Preise - Agent Y \u2013 Escape Room Br\u00fchl","_seopress_titles_desc":"Hier findet ihr eine \u00dcbersicht \u00fcber alle Preise f\u00fcr die Agent Y \u2013 Escape Room Br\u00fchl-R\u00e4ume, -Events und den magischen R\u00e4tseltisch.","_seopress_robots_index":"","footnotes":""},"seitenparameter":[],"class_list":["post-283","page","type-page","status-publish","hentry"],"meta_box":{"page_header_anzeigen":"1","page_header_background_position":"Mitte Mitte","page_header_background_overlay":"0%","page_header_video_url":"","newsticker-anzeigen":"1","page_header_zweites_bild":[],"page_header_tagline":""},"_links":{"self":[{"href":"https:\/\/agent-y.de\/en\/wp-json\/wp\/v2\/pages\/283","targetHints":{"allow":["GET"]}}],"collection":[{"href":"https:\/\/agent-y.de\/en\/wp-json\/wp\/v2\/pages"}],"about":[{"href":"https:\/\/agent-y.de\/en\/wp-json\/wp\/v2\/types\/page"}],"author":[{"embeddable":true,"href":"https:\/\/agent-y.de\/en\/wp-json\/wp\/v2\/users\/2"}],"replies":[{"embeddable":true,"href":"https:\/\/agent-y.de\/en\/wp-json\/wp\/v2\/comments?post=283"}],"version-history":[{"count":28,"href":"https:\/\/agent-y.de\/en\/wp-json\/wp\/v2\/pages\/283\/revisions"}],"predecessor-version":[{"id":2200,"href":"https:\/\/agent-y.de\/en\/wp-json\/wp\/v2\/pages\/283\/revisions\/2200"}],"wp:attachment":[{"href":"https:\/\/agent-y.de\/en\/wp-json\/wp\/v2\/media?parent=283"}],"wp:term":[{"taxonomy":"seitenparameter","embeddable":true,"href":"https:\/\/agent-y.de\/en\/wp-json\/wp\/v2\/seitenparameter?post=283"}],"curies":[{"name":"wp","href":"https:\/\/api.w.org\/{rel}","templated":true}]}}