{"id":291,"date":"2022-11-02T17:05:27","date_gmt":"2022-11-02T16:05:27","guid":{"rendered":"https:\/\/agent-y.de\/?page_id=291"},"modified":"2026-01-30T16:54:58","modified_gmt":"2026-01-30T15:54:58","slug":"team-event","status":"publish","type":"page","link":"https:\/\/agent-y.de\/en\/team-event\/","title":{"rendered":"Teamevents &amp; Firmenfeiern im Escape Room"},"content":{"rendered":"","protected":false},"excerpt":{"rendered":"","protected":false},"author":2,"featured_media":1880,"parent":0,"menu_order":0,"comment_status":"closed","ping_status":"closed","template":"","meta":{"_seopress_robots_primary_cat":"","_seopress_titles_title":"Escape Room Team Events - Agent Y \u2013 Escape Room Br\u00fchl","_seopress_titles_desc":"In unserem Escape Room in Br\u00fchl k\u00f6nnen Firmen Team Events feiern: Als Team die R\u00e4tsel vom Escape Room l\u00f6sen und danach im Events-Raum feiern.","_seopress_robots_index":"","footnotes":""},"seitenparameter":[],"class_list":["post-291","page","type-page","status-publish","has-post-thumbnail","hentry"],"meta_box":{"page_header_anzeigen":"1","page_header_background_position":"Mitte Mitte","page_header_background_overlay":"45%","page_header_video_url":"","newsticker-anzeigen":"0","page_header_zweites_bild":[{"width":150,"height":150,"file":"2024\/01\/agent-y-escape-room-kunden-2024-2.jpg","filesize":298522,"sizes":{"thumbnail":{"file":"agent-y-escape-room-kunden-2024-2-150x150.jpg","width":150,"height":150,"mime-type":"image\/jpeg","filesize":7023,"url":"https:\/\/agent-y.de\/wp-content\/uploads\/2024\/01\/agent-y-escape-room-kunden-2024-2-150x150.jpg"},"medium_large":{"file":"agent-y-escape-room-kunden-2024-2-768x536.jpg","width":768,"height":536,"mime-type":"image\/jpeg","filesize":77776,"url":"https:\/\/agent-y.de\/wp-content\/uploads\/2024\/01\/agent-y-escape-room-kunden-2024-2-768x536.jpg"},"trp-custom-language-flag":{"file":"agent-y-escape-room-kunden-2024-2-18x12.jpg","width":18,"height":12,"mime-type":"image\/jpeg","filesize":442,"url":"https:\/\/agent-y.de\/wp-content\/uploads\/2024\/01\/agent-y-escape-room-kunden-2024-2-18x12.jpg"}},"image_meta":{"aperture":"0","credit":"","camera":"","caption":"","created_timestamp":"0","copyright":"","focal_length":"0","iso":"0","shutter_speed":"0","title":"","orientation":"0","keywords":[]},"ID":"1879","name":"agent-y-escape-room-kunden-2024-2.jpg","path":"\/home\/c5bn4cgk5hjq\/webseiten\/agenty-2022\/wp-content\/uploads\/2024\/01\/agent-y-escape-room-kunden-2024-2.jpg","url":"https:\/\/agent-y.de\/wp-content\/uploads\/2024\/01\/agent-y-escape-room-kunden-2024-2-150x150.jpg","full_url":"https:\/\/agent-y.de\/wp-content\/uploads\/2024\/01\/agent-y-escape-room-kunden-2024-2.jpg","title":"agent-y-escape-room-kunden-2024-2","caption":"","description":"","alt":"","srcset":false}],"page_header_tagline":""},"_links":{"self":[{"href":"https:\/\/agent-y.de\/en\/wp-json\/wp\/v2\/pages\/291","targetHints":{"allow":["GET"]}}],"collection":[{"href":"https:\/\/agent-y.de\/en\/wp-json\/wp\/v2\/pages"}],"about":[{"href":"https:\/\/agent-y.de\/en\/wp-json\/wp\/v2\/types\/page"}],"author":[{"embeddable":true,"href":"https:\/\/agent-y.de\/en\/wp-json\/wp\/v2\/users\/2"}],"replies":[{"embeddable":true,"href":"https:\/\/agent-y.de\/en\/wp-json\/wp\/v2\/comments?post=291"}],"version-history":[{"count":6,"href":"https:\/\/agent-y.de\/en\/wp-json\/wp\/v2\/pages\/291\/revisions"}],"predecessor-version":[{"id":2189,"href":"https:\/\/agent-y.de\/en\/wp-json\/wp\/v2\/pages\/291\/revisions\/2189"}],"wp:featuredmedia":[{"embeddable":true,"href":"https:\/\/agent-y.de\/en\/wp-json\/wp\/v2\/media\/1880"}],"wp:attachment":[{"href":"https:\/\/agent-y.de\/en\/wp-json\/wp\/v2\/media?parent=291"}],"wp:term":[{"taxonomy":"seitenparameter","embeddable":true,"href":"https:\/\/agent-y.de\/en\/wp-json\/wp\/v2\/seitenparameter?post=291"}],"curies":[{"name":"wp","href":"https:\/\/api.w.org\/{rel}","templated":true}]}}