{"id":6,"date":"2022-07-01T12:43:17","date_gmt":"2022-07-01T10:43:17","guid":{"rendered":"https:\/\/agent-y.de\/?page_id=6"},"modified":"2026-02-08T21:04:31","modified_gmt":"2026-02-08T20:04:31","slug":"home","status":"publish","type":"page","link":"https:\/\/agent-y.de\/en\/","title":{"rendered":"Home"},"content":{"rendered":"","protected":false},"excerpt":{"rendered":"","protected":false},"author":2,"featured_media":355,"parent":0,"menu_order":0,"comment_status":"closed","ping_status":"closed","template":"","meta":{"_seopress_robots_primary_cat":"","_seopress_titles_title":"Escape Room Br\u00fchl bei K\u00f6ln & Bonn | Agent Y","_seopress_titles_desc":"St\u00fcrze dich in das Abenteuer mit unserem Escape Room in Br\u00fchl bei K\u00f6ln. Jetzt auch Kindergeburtstag, Firmenfeier, Team Event und Outdoor Tour erleben!","_seopress_robots_index":"","footnotes":""},"seitenparameter":[],"class_list":["post-6","page","type-page","status-publish","has-post-thumbnail","hentry"],"meta_box":{"page_header_anzeigen":"0","page_header_background_position":"Mitte Mitte","page_header_background_overlay":"0%","page_header_video_url":"","newsticker-anzeigen":"0","page_header_zweites_bild":[],"page_header_tagline":""},"_links":{"self":[{"href":"https:\/\/agent-y.de\/en\/wp-json\/wp\/v2\/pages\/6","targetHints":{"allow":["GET"]}}],"collection":[{"href":"https:\/\/agent-y.de\/en\/wp-json\/wp\/v2\/pages"}],"about":[{"href":"https:\/\/agent-y.de\/en\/wp-json\/wp\/v2\/types\/page"}],"author":[{"embeddable":true,"href":"https:\/\/agent-y.de\/en\/wp-json\/wp\/v2\/users\/2"}],"replies":[{"embeddable":true,"href":"https:\/\/agent-y.de\/en\/wp-json\/wp\/v2\/comments?post=6"}],"version-history":[{"count":7,"href":"https:\/\/agent-y.de\/en\/wp-json\/wp\/v2\/pages\/6\/revisions"}],"predecessor-version":[{"id":2194,"href":"https:\/\/agent-y.de\/en\/wp-json\/wp\/v2\/pages\/6\/revisions\/2194"}],"wp:featuredmedia":[{"embeddable":true,"href":"https:\/\/agent-y.de\/en\/wp-json\/wp\/v2\/media\/355"}],"wp:attachment":[{"href":"https:\/\/agent-y.de\/en\/wp-json\/wp\/v2\/media?parent=6"}],"wp:term":[{"taxonomy":"seitenparameter","embeddable":true,"href":"https:\/\/agent-y.de\/en\/wp-json\/wp\/v2\/seitenparameter?post=6"}],"curies":[{"name":"wp","href":"https:\/\/api.w.org\/{rel}","templated":true}]}}