{"id":62,"date":"2022-07-01T17:28:24","date_gmt":"2022-07-01T15:28:24","guid":{"rendered":"https:\/\/agent-y.de\/?page_id=62"},"modified":"2025-07-21T08:37:24","modified_gmt":"2025-07-21T06:37:24","slug":"imprint","status":"publish","type":"page","link":"https:\/\/agent-y.de\/en\/impressum\/","title":{"rendered":"Imprint"},"content":{"rendered":"\n<h1 class=\"wp-block-heading\">Impressum<\/h1>\n\n\n\n<h2 class=\"wp-block-heading\">Angaben gem\u00e4\u00df \u00a7 5 DDG<\/h2>\n\n\n\n<p>Agent Y \u2013 Escape Room Br\u00fchl GbR<br>K\u00f6lnstr. 29-31<br>50321 Br\u00fchl<\/p>\n\n\n\n<p><strong>Vertreten durch:<\/strong><br>Christina Hermann<br>Alain Hermann<\/p>\n\n\n\n<h2 class=\"wp-block-heading\">Kontakt<\/h2>\n\n\n\n<p>Telefon: 02232 216 90 40<br>E-Mail: info[at]agent-y.de<\/p>\n\n\n\n<h2 class=\"wp-block-heading\">Umsatzsteuer-ID<\/h2>\n\n\n\n<p>Umsatzsteuer-Identifikationsnummer gem\u00e4\u00df \u00a7 27 a Umsatzsteuergesetz:<br>DE327405053<\/p>\n\n\n\n<h2 class=\"wp-block-heading\">Redaktionell verantwortlich<\/h2>\n\n\n\n<p>Christina Hermann<br>Alain Hermann<\/p>\n\n\n\n<h2 class=\"wp-block-heading\">Verbraucher\u00adstreit\u00adbeilegung\/Universal\u00adschlichtungs\u00adstelle<\/h2>\n\n\n\n<p>Wir sind nicht bereit oder verpflichtet, an Streitbeilegungsverfahren vor einer Verbraucherschlichtungsstelle teilzunehmen.<\/p>\n\n\n\n<h2 class=\"wp-block-heading\">Bild- und Mediennachweise<\/h2>\n\n\n\n<p>Webdesign von&nbsp;<a rel=\"noreferrer noopener\" href=\"https:\/\/allaboutdesigns.de\/\" target=\"_blank\">ALL-ABOUT Designs<\/a>.<\/p>\n\n\n\n<p>Animation von Corbin Scott auf&nbsp;<a href=\"https:\/\/lottiefiles.com\/\" target=\"_blank\" rel=\"noreferrer noopener\">LottieFiles<\/a>.<\/p>\n\n\n\n<p>Animation von Jacques Mariac auf&nbsp;<a href=\"https:\/\/lottiefiles.com\/\" target=\"_blank\" rel=\"noreferrer noopener\">LottieFiles<\/a>.<\/p>\n","protected":false},"excerpt":{"rendered":"<p>Impressum Angaben gem\u00e4\u00df \u00a7 5 DDG Agent Y \u2013 Escape Room Br\u00fchl GbRK\u00f6lnstr. 29-3150321 Br\u00fchl Vertreten durch:Christina HermannAlain Hermann Kontakt Telefon: 02232 216 90 40E-Mail: info[at]agent-y.de Umsatzsteuer-ID Umsatzsteuer-Identifikationsnummer gem\u00e4\u00df \u00a7 27 a Umsatzsteuergesetz:DE327405053 Redaktionell verantwortlich Christina HermannAlain Hermann Verbraucher\u00adstreit\u00adbeilegung\/Universal\u00adschlichtungs\u00adstelle Wir sind nicht bereit oder verpflichtet, an Streitbeilegungsverfahren vor einer Verbraucherschlichtungsstelle teilzunehmen. Bild- und Mediennachweise Webdesign [&hellip;]<\/p>\n","protected":false},"author":2,"featured_media":0,"parent":0,"menu_order":0,"comment_status":"closed","ping_status":"closed","template":"","meta":{"_seopress_robots_primary_cat":"","_seopress_titles_title":"","_seopress_titles_desc":"","_seopress_robots_index":"yes","footnotes":""},"seitenparameter":[5],"class_list":["post-62","page","type-page","status-publish","hentry","seitenparameter-gutenberg"],"meta_box":{"page_header_anzeigen":"1","page_header_background_position":"Mitte Mitte","page_header_background_overlay":"0%","page_header_video_url":"","newsticker-anzeigen":"0","page_header_zweites_bild":[],"page_header_tagline":""},"_links":{"self":[{"href":"https:\/\/agent-y.de\/en\/wp-json\/wp\/v2\/pages\/62","targetHints":{"allow":["GET"]}}],"collection":[{"href":"https:\/\/agent-y.de\/en\/wp-json\/wp\/v2\/pages"}],"about":[{"href":"https:\/\/agent-y.de\/en\/wp-json\/wp\/v2\/types\/page"}],"author":[{"embeddable":true,"href":"https:\/\/agent-y.de\/en\/wp-json\/wp\/v2\/users\/2"}],"replies":[{"embeddable":true,"href":"https:\/\/agent-y.de\/en\/wp-json\/wp\/v2\/comments?post=62"}],"version-history":[{"count":1,"href":"https:\/\/agent-y.de\/en\/wp-json\/wp\/v2\/pages\/62\/revisions"}],"predecessor-version":[{"id":2092,"href":"https:\/\/agent-y.de\/en\/wp-json\/wp\/v2\/pages\/62\/revisions\/2092"}],"wp:attachment":[{"href":"https:\/\/agent-y.de\/en\/wp-json\/wp\/v2\/media?parent=62"}],"wp:term":[{"taxonomy":"seitenparameter","embeddable":true,"href":"https:\/\/agent-y.de\/en\/wp-json\/wp\/v2\/seitenparameter?post=62"}],"curies":[{"name":"wp","href":"https:\/\/api.w.org\/{rel}","templated":true}]}}